{"id":514,"date":"2024-11-15T15:29:14","date_gmt":"2024-11-15T15:29:14","guid":{"rendered":"https:\/\/sifutas.com\/?page_id=514"},"modified":"2024-11-16T05:57:46","modified_gmt":"2024-11-16T05:57:46","slug":"sifuto-tanfolyamok-es-oktatas","status":"publish","type":"page","link":"https:\/\/sifutas.com\/index.php\/sifuto-tanfolyamok-es-oktatas\/","title":{"rendered":"S\u00edfut\u00f3 tanfolyamok \u00e9s oktat\u00e1s"},"content":{"rendered":"<style>.kb-row-layout-id514_8e6bed-82 > .kt-row-column-wrap{align-content:start;}:where(.kb-row-layout-id514_8e6bed-82 > .kt-row-column-wrap) > .wp-block-kadence-column{justify-content:start;}.kb-row-layout-id514_8e6bed-82 > .kt-row-column-wrap{column-gap:var(--global-kb-gap-md, 2rem);row-gap:var(--global-kb-gap-md, 2rem);padding-top:var(--global-kb-spacing-sm, 1.5rem);padding-bottom:var(--global-kb-spacing-sm, 1.5rem);grid-template-columns:minmax(0, 1fr);}.kb-row-layout-id514_8e6bed-82 > .kt-row-layout-overlay{opacity:0.30;}@media all and (max-width: 1024px){.kb-row-layout-id514_8e6bed-82 > .kt-row-column-wrap{grid-template-columns:minmax(0, 1fr);}}@media all and (max-width: 767px){.kb-row-layout-id514_8e6bed-82 > .kt-row-column-wrap{grid-template-columns:minmax(0, 1fr);}}<\/style><div class=\"kb-row-layout-wrap kb-row-layout-id514_8e6bed-82 alignnone wp-block-kadence-rowlayout\"><div class=\"kt-row-column-wrap kt-has-1-columns kt-row-layout-equal kt-tab-layout-inherit kt-mobile-layout-row kt-row-valign-top\">\n<style>.kadence-column514_ef9447-f9 > .kt-inside-inner-col,.kadence-column514_ef9447-f9 > .kt-inside-inner-col:before{border-top-left-radius:0px;border-top-right-radius:0px;border-bottom-right-radius:0px;border-bottom-left-radius:0px;}.kadence-column514_ef9447-f9 > .kt-inside-inner-col{column-gap:var(--global-kb-gap-sm, 1rem);}.kadence-column514_ef9447-f9 > .kt-inside-inner-col{flex-direction:column;}.kadence-column514_ef9447-f9 > .kt-inside-inner-col > .aligncenter{width:100%;}.kadence-column514_ef9447-f9 > .kt-inside-inner-col:before{opacity:0.3;}.kadence-column514_ef9447-f9{position:relative;}@media all and (max-width: 1024px){.kadence-column514_ef9447-f9 > .kt-inside-inner-col{flex-direction:column;justify-content:center;}}@media all and (max-width: 767px){.kadence-column514_ef9447-f9 > .kt-inside-inner-col{flex-direction:column;justify-content:center;}}<\/style>\n<div class=\"wp-block-kadence-column kadence-column514_ef9447-f9\"><div class=\"kt-inside-inner-col\"><style>.wp-block-kadence-advancedheading.kt-adv-heading514_f23969-a6, .wp-block-kadence-advancedheading.kt-adv-heading514_f23969-a6[data-kb-block=\"kb-adv-heading514_f23969-a6\"]{font-size:var(--global-kb-font-size-lg, 2rem);font-style:normal;}.wp-block-kadence-advancedheading.kt-adv-heading514_f23969-a6 mark.kt-highlight, .wp-block-kadence-advancedheading.kt-adv-heading514_f23969-a6[data-kb-block=\"kb-adv-heading514_f23969-a6\"] mark.kt-highlight{font-style:normal;color:#f76a0c;-webkit-box-decoration-break:clone;box-decoration-break:clone;padding-top:0px;padding-right:0px;padding-bottom:0px;padding-left:0px;}.wp-block-kadence-advancedheading.kt-adv-heading514_f23969-a6 img.kb-inline-image, .wp-block-kadence-advancedheading.kt-adv-heading514_f23969-a6[data-kb-block=\"kb-adv-heading514_f23969-a6\"] img.kb-inline-image{width:150px;vertical-align:baseline;}<\/style>\n<p class=\"kt-adv-heading514_f23969-a6 wp-block-kadence-advancedheading\" data-kb-block=\"kb-adv-heading514_f23969-a6\">Az Alpok minden tartom\u00e1ny\u00e1nak van s\u00edfut\u00f3\/biathlon k\u00f6zpontja ahol a sportol\u00f3k k\u00e9sz\u00fclnek k\u00e9s\u0151 \u0151szt\u0151l kora tavaszig a versenyeikre. Itt nagy es\u00e9llyel mesters\u00e9ges havat is gy\u00e1rtanak ami garant\u00e1lja, hogy eg\u00e9sz szezonban tal\u00e1lsz megh\u00fazott nyomot a s\u00edfut\u00e1shoz, \u00e9s ami enn\u00e9l fontosabb, \u00e1lland\u00f3 aj\u00e1nlatot oktat\u00e1si lehet\u0151s\u00e9gekr\u0151l.<\/p>\n\n\n\n<p class=\"has-medium-font-size\" style=\"margin-right:var(--wp--preset--spacing--40);margin-left:var(--wp--preset--spacing--40)\">A tanul\u00e1s t\u00f6bbnyire egy\u00e9ni, vagy n\u00e9h\u00e1ny f\u0151s kurzust jelent. Ha egyed\u00fcl vagy, akkor nagy es\u00e9llyel egy\u00e9ni \u00f3r\u00e1t fogsz tudni csak foglalni, ritka, hogy \u00f6sszeszervezzenek valakivel. Ha a csal\u00e1doddal, vagy bar\u00e1toddal m\u00e9sz akkor 4 &#8211; 6 f\u0151t v\u00e1llal egy oktat\u00f3. Id\u0151tartama minimum egy \u00f3ra, a maximuma 4 \u00f3ra egy napra. Ez nem mindig jelent teljes \u00f3r\u00e1kat, valahol csak 45 perc. <\/p>\n\n\n\n<p class=\"has-medium-font-size\" style=\"margin-right:var(--wp--preset--spacing--40);margin-left:var(--wp--preset--spacing--40)\">Felszerel\u00e9st ezeken a helysz\u00edneken a helyi k\u00f6lcs\u00f6nz\u0151b\u0151l tudsz b\u00e9relni. A min\u0151s\u00e9g el\u00e9gg\u00e9 sz\u00f3r, de min\u00e9l ink\u00e1bb haladunk Sv\u00e1jc fel\u00e9, ann\u00e1l frissebb \u00e9s m\u00e1rk\u00e1sabb lesz a k\u00edn\u00e1lat a k\u00f6lcs\u00f6nz\u0151kben. A jellemz\u0151 id\u0151szak egy nap, de van p\u00e9lda f\u00e9lnapos lehet\u0151s\u00e9gre is. Waxolnod nem kell, a l\u00e9ceket felk\u00e9sz\u00edtve adj\u00e1k ki.<\/p>\n<\/div><\/div>\n\n<\/div><\/div>\n\n<style>.kb-row-layout-id514_b970a7-0c > .kt-row-column-wrap{align-content:start;}:where(.kb-row-layout-id514_b970a7-0c > .kt-row-column-wrap) > .wp-block-kadence-column{justify-content:start;}.kb-row-layout-id514_b970a7-0c > .kt-row-column-wrap{column-gap:var(--global-kb-gap-md, 2rem);row-gap:var(--global-kb-gap-md, 2rem);padding-top:var(--global-kb-spacing-sm, 1.5rem);padding-bottom:var(--global-kb-spacing-sm, 1.5rem);}.kb-row-layout-id514_b970a7-0c > .kt-row-column-wrap > div:not(.added-for-specificity){grid-column:initial;}.kb-row-layout-id514_b970a7-0c > .kt-row-column-wrap{grid-template-columns:repeat(3, minmax(0, 1fr));}.kb-row-layout-id514_b970a7-0c > .kt-row-layout-overlay{opacity:0.30;}@media all and (max-width: 1024px){.kb-row-layout-id514_b970a7-0c > .kt-row-column-wrap > div:not(.added-for-specificity){grid-column:initial;}}@media all and (max-width: 1024px){.kb-row-layout-id514_b970a7-0c > .kt-row-column-wrap{grid-template-columns:repeat(3, minmax(0, 1fr));}}@media all and (max-width: 767px){.kb-row-layout-id514_b970a7-0c > .kt-row-column-wrap > div:not(.added-for-specificity){grid-column:initial;}.kb-row-layout-id514_b970a7-0c > .kt-row-column-wrap{grid-template-columns:minmax(0, 1fr);}}<\/style><div class=\"kb-row-layout-wrap kb-row-layout-id514_b970a7-0c alignnone wp-block-kadence-rowlayout\"><div class=\"kt-row-column-wrap kt-has-3-columns kt-row-layout-equal kt-tab-layout-inherit kt-mobile-layout-row kt-row-valign-top\">\n<style>.kadence-column514_a09518-9a > .kt-inside-inner-col,.kadence-column514_a09518-9a > .kt-inside-inner-col:before{border-top-left-radius:0px;border-top-right-radius:0px;border-bottom-right-radius:0px;border-bottom-left-radius:0px;}.kadence-column514_a09518-9a > .kt-inside-inner-col{column-gap:var(--global-kb-gap-sm, 1rem);}.kadence-column514_a09518-9a > .kt-inside-inner-col{flex-direction:column;}.kadence-column514_a09518-9a > .kt-inside-inner-col > .aligncenter{width:100%;}.kadence-column514_a09518-9a > .kt-inside-inner-col:before{opacity:0.3;}.kadence-column514_a09518-9a{position:relative;}@media all and (max-width: 1024px){.kadence-column514_a09518-9a > .kt-inside-inner-col{flex-direction:column;justify-content:center;}}@media all and (max-width: 767px){.kadence-column514_a09518-9a > .kt-inside-inner-col{flex-direction:column;justify-content:center;}}<\/style>\n<div class=\"wp-block-kadence-column kadence-column514_a09518-9a\"><div class=\"kt-inside-inner-col\"><\/div><\/div>\n\n\n<style>.kadence-column514_91e8fa-6c > .kt-inside-inner-col,.kadence-column514_91e8fa-6c > .kt-inside-inner-col:before{border-top-left-radius:0px;border-top-right-radius:0px;border-bottom-right-radius:0px;border-bottom-left-radius:0px;}.kadence-column514_91e8fa-6c > .kt-inside-inner-col{column-gap:var(--global-kb-gap-sm, 1rem);}.kadence-column514_91e8fa-6c > .kt-inside-inner-col{flex-direction:column;}.kadence-column514_91e8fa-6c > .kt-inside-inner-col > .aligncenter{width:100%;}.kadence-column514_91e8fa-6c > .kt-inside-inner-col:before{opacity:0.3;}.kadence-column514_91e8fa-6c{position:relative;}@media all and (max-width: 1024px){.kadence-column514_91e8fa-6c > .kt-inside-inner-col{flex-direction:column;justify-content:center;}}@media all and (max-width: 767px){.kadence-column514_91e8fa-6c > .kt-inside-inner-col{flex-direction:column;justify-content:center;}}<\/style>\n<div class=\"wp-block-kadence-column kadence-column514_91e8fa-6c\"><div class=\"kt-inside-inner-col\"><\/div><\/div>\n\n\n<style>.kadence-column514_599e1d-40 > .kt-inside-inner-col,.kadence-column514_599e1d-40 > .kt-inside-inner-col:before{border-top-left-radius:0px;border-top-right-radius:0px;border-bottom-right-radius:0px;border-bottom-left-radius:0px;}.kadence-column514_599e1d-40 > .kt-inside-inner-col{column-gap:var(--global-kb-gap-sm, 1rem);}.kadence-column514_599e1d-40 > .kt-inside-inner-col{flex-direction:column;}.kadence-column514_599e1d-40 > .kt-inside-inner-col > .aligncenter{width:100%;}.kadence-column514_599e1d-40 > .kt-inside-inner-col:before{opacity:0.3;}.kadence-column514_599e1d-40{position:relative;}@media all and (max-width: 1024px){.kadence-column514_599e1d-40 > .kt-inside-inner-col{flex-direction:column;justify-content:center;}}@media all and (max-width: 767px){.kadence-column514_599e1d-40 > .kt-inside-inner-col{flex-direction:column;justify-content:center;}}<\/style>\n<div class=\"wp-block-kadence-column kadence-column514_599e1d-40\"><div class=\"kt-inside-inner-col\"><\/div><\/div>\n\n<\/div><\/div>\n\n<style>.wp-block-kadence-advancedheading.kt-adv-heading514_ed9528-5a, .wp-block-kadence-advancedheading.kt-adv-heading514_ed9528-5a[data-kb-block=\"kb-adv-heading514_ed9528-5a\"]{font-style:normal;}.wp-block-kadence-advancedheading.kt-adv-heading514_ed9528-5a mark.kt-highlight, .wp-block-kadence-advancedheading.kt-adv-heading514_ed9528-5a[data-kb-block=\"kb-adv-heading514_ed9528-5a\"] mark.kt-highlight{font-style:normal;color:#f76a0c;-webkit-box-decoration-break:clone;box-decoration-break:clone;padding-top:0px;padding-right:0px;padding-bottom:0px;padding-left:0px;}.wp-block-kadence-advancedheading.kt-adv-heading514_ed9528-5a img.kb-inline-image, .wp-block-kadence-advancedheading.kt-adv-heading514_ed9528-5a[data-kb-block=\"kb-adv-heading514_ed9528-5a\"] img.kb-inline-image{width:150px;vertical-align:baseline;}<\/style>\n<p class=\"kt-adv-heading514_ed9528-5a wp-block-kadence-advancedheading\" data-kb-block=\"kb-adv-heading514_ed9528-5a\"><\/p>\n\n\n<style>.kadence-column514_662da9-25 > .kt-inside-inner-col,.kadence-column514_662da9-25 > .kt-inside-inner-col:before{border-top-left-radius:0px;border-top-right-radius:0px;border-bottom-right-radius:0px;border-bottom-left-radius:0px;}.kadence-column514_662da9-25 > .kt-inside-inner-col{column-gap:var(--global-kb-gap-sm, 1rem);}.kadence-column514_662da9-25 > .kt-inside-inner-col{flex-direction:column;}.kadence-column514_662da9-25 > .kt-inside-inner-col > .aligncenter{width:100%;}.kadence-column514_662da9-25 > .kt-inside-inner-col:before{opacity:0.3;}.kadence-column514_662da9-25{position:relative;}@media all and (max-width: 1024px){.kadence-column514_662da9-25 > .kt-inside-inner-col{flex-direction:column;justify-content:center;}}@media all and (max-width: 767px){.kadence-column514_662da9-25 > .kt-inside-inner-col{flex-direction:column;justify-content:center;}}<\/style>\n<div class=\"wp-block-kadence-column kadence-column514_662da9-25\"><div class=\"kt-inside-inner-col\"><style>.kb-row-layout-id514_19e26c-5f > .kt-row-column-wrap{align-content:start;}:where(.kb-row-layout-id514_19e26c-5f > .kt-row-column-wrap) > .wp-block-kadence-column{justify-content:start;}.kb-row-layout-id514_19e26c-5f > .kt-row-column-wrap{column-gap:var(--global-kb-gap-md, 2rem);row-gap:var(--global-kb-gap-md, 2rem);padding-top:var(--global-kb-spacing-sm, 1.5rem);padding-bottom:var(--global-kb-spacing-sm, 1.5rem);grid-template-columns:repeat(2, minmax(0, 1fr));}.kb-row-layout-id514_19e26c-5f > .kt-row-layout-overlay{opacity:0.30;}@media all and (max-width: 1024px){.kb-row-layout-id514_19e26c-5f > .kt-row-column-wrap{grid-template-columns:repeat(2, minmax(0, 1fr));}}@media all and (max-width: 767px){.kb-row-layout-id514_19e26c-5f > .kt-row-column-wrap{grid-template-columns:minmax(0, 1fr);}}<\/style><div class=\"kb-row-layout-wrap kb-row-layout-id514_19e26c-5f alignnone wp-block-kadence-rowlayout\"><div class=\"kt-row-column-wrap kt-has-2-columns kt-row-layout-equal kt-tab-layout-inherit kt-mobile-layout-row kt-row-valign-top\">\n<style>.kadence-column514_6612d9-e0 > .kt-inside-inner-col,.kadence-column514_6612d9-e0 > .kt-inside-inner-col:before{border-top-left-radius:0px;border-top-right-radius:0px;border-bottom-right-radius:0px;border-bottom-left-radius:0px;}.kadence-column514_6612d9-e0 > .kt-inside-inner-col{column-gap:var(--global-kb-gap-sm, 1rem);}.kadence-column514_6612d9-e0 > .kt-inside-inner-col{flex-direction:column;}.kadence-column514_6612d9-e0 > .kt-inside-inner-col > .aligncenter{width:100%;}.kadence-column514_6612d9-e0 > .kt-inside-inner-col:before{opacity:0.3;}.kadence-column514_6612d9-e0{position:relative;}@media all and (max-width: 1024px){.kadence-column514_6612d9-e0 > .kt-inside-inner-col{flex-direction:column;justify-content:center;}}@media all and (max-width: 767px){.kadence-column514_6612d9-e0 > .kt-inside-inner-col{flex-direction:column;justify-content:center;}}<\/style>\n<div class=\"wp-block-kadence-column kadence-column514_6612d9-e0\"><div class=\"kt-inside-inner-col\">\n<p><\/p>\n<\/div><\/div>\n\n\n<style>.kadence-column514_79bef9-75 > .kt-inside-inner-col,.kadence-column514_79bef9-75 > .kt-inside-inner-col:before{border-top-left-radius:0px;border-top-right-radius:0px;border-bottom-right-radius:0px;border-bottom-left-radius:0px;}.kadence-column514_79bef9-75 > .kt-inside-inner-col{column-gap:var(--global-kb-gap-sm, 1rem);}.kadence-column514_79bef9-75 > .kt-inside-inner-col{flex-direction:column;}.kadence-column514_79bef9-75 > .kt-inside-inner-col > .aligncenter{width:100%;}.kadence-column514_79bef9-75 > .kt-inside-inner-col:before{opacity:0.3;}.kadence-column514_79bef9-75{position:relative;}@media all and (max-width: 1024px){.kadence-column514_79bef9-75 > .kt-inside-inner-col{flex-direction:column;justify-content:center;}}@media all and (max-width: 767px){.kadence-column514_79bef9-75 > .kt-inside-inner-col{flex-direction:column;justify-content:center;}}<\/style>\n<div class=\"wp-block-kadence-column kadence-column514_79bef9-75\"><div class=\"kt-inside-inner-col\"><\/div><\/div>\n\n<\/div><\/div><\/div><\/div>\n\n\n<style>.wp-block-kadence-advancedheading.kt-adv-heading514_f9e820-23, .wp-block-kadence-advancedheading.kt-adv-heading514_f9e820-23[data-kb-block=\"kb-adv-heading514_f9e820-23\"]{font-style:normal;}.wp-block-kadence-advancedheading.kt-adv-heading514_f9e820-23 mark.kt-highlight, .wp-block-kadence-advancedheading.kt-adv-heading514_f9e820-23[data-kb-block=\"kb-adv-heading514_f9e820-23\"] mark.kt-highlight{font-style:normal;color:#f76a0c;-webkit-box-decoration-break:clone;box-decoration-break:clone;padding-top:0px;padding-right:0px;padding-bottom:0px;padding-left:0px;}.wp-block-kadence-advancedheading.kt-adv-heading514_f9e820-23 img.kb-inline-image, .wp-block-kadence-advancedheading.kt-adv-heading514_f9e820-23[data-kb-block=\"kb-adv-heading514_f9e820-23\"] img.kb-inline-image{width:150px;vertical-align:baseline;}<\/style>\n<p class=\"kt-adv-heading514_f9e820-23 wp-block-kadence-advancedheading\" data-kb-block=\"kb-adv-heading514_f9e820-23\">ez egy sz\u00f6veg<\/p>\n\n\n<style>.kb-row-layout-id514_251dd5-bd > .kt-row-column-wrap{align-content:center;}:where(.kb-row-layout-id514_251dd5-bd > .kt-row-column-wrap) > .wp-block-kadence-column{justify-content:center;}.kb-row-layout-id514_251dd5-bd > .kt-row-column-wrap{column-gap:var(--global-kb-gap-md, 2rem);row-gap:var(--global-kb-gap-md, 2rem);max-width:var( --global-content-width, 1290px );padding-left:var(--global-content-edge-padding);padding-right:var(--global-content-edge-padding);padding-top:var(--global-kb-spacing-xxl, 5rem);padding-bottom:var(--global-kb-spacing-xxl, 5rem);grid-template-columns:minmax(0, calc(50% - ((var(--global-kb-gap-md, 2rem) * 1 )\/2)))minmax(0, calc(50% - ((var(--global-kb-gap-md, 2rem) * 1 )\/2)));}.kb-row-layout-id514_251dd5-bd{background-image:url('https:\/\/sifutas.com\/wp-content\/uploads\/2024\/11\/Example-Background-Image.jpg');background-size:cover;background-position:center center;background-attachment:scroll;background-repeat:no-repeat;}.kb-row-layout-id514_251dd5-bd > .kt-row-layout-overlay{opacity:1;background:linear-gradient(90deg,var(--global-palette8,#F7FAFC) 41%,rgba(247,250,252,0) 100%);}@media all and (max-width: 1024px){.kb-row-layout-id514_251dd5-bd > .kt-row-column-wrap{grid-template-columns:minmax(0, 1fr);}}@media all and (max-width: 1024px){.kb-row-layout-id514_251dd5-bd > .kt-row-layout-overlay{opacity:1;background:linear-gradient(180deg,var(--global-palette8,#F7FAFC) 53%,rgba(247,250,252,0) 100%);}}@media all and (max-width: 767px){.kb-row-layout-id514_251dd5-bd > .kt-row-column-wrap{grid-template-columns:minmax(0, 1fr);}}<\/style><div class=\"kb-row-layout-wrap kb-row-layout-id514_251dd5-bd alignfull kt-row-has-bg wp-block-kadence-rowlayout\"><div class=\"kt-row-layout-overlay kt-row-overlay-gradient\"><\/div><div class=\"kt-row-column-wrap kt-has-2-columns kt-row-layout-equal kt-tab-layout-row kt-mobile-layout-row kt-row-valign-middle kb-theme-content-width\">\n<style>.kadence-column514_009a9f-ae > .kt-inside-inner-col,.kadence-column514_009a9f-ae > .kt-inside-inner-col:before{border-top-left-radius:0px;border-top-right-radius:0px;border-bottom-right-radius:0px;border-bottom-left-radius:0px;}.kadence-column514_009a9f-ae > .kt-inside-inner-col{column-gap:var(--global-kb-gap-sm, 1rem);}.kadence-column514_009a9f-ae > .kt-inside-inner-col{flex-direction:column;}.kadence-column514_009a9f-ae > .kt-inside-inner-col > .aligncenter{width:100%;}.kadence-column514_009a9f-ae > .kt-inside-inner-col:before{opacity:0.3;}.kadence-column514_009a9f-ae{position:relative;}@media all and (max-width: 1024px){.kadence-column514_009a9f-ae{text-align:center;}}@media all and (max-width: 1024px){.kadence-column514_009a9f-ae > .kt-inside-inner-col{flex-direction:column;justify-content:center;}}@media all and (max-width: 767px){.kadence-column514_009a9f-ae > .kt-inside-inner-col{flex-direction:column;justify-content:center;}}<\/style>\n<div class=\"wp-block-kadence-column kadence-column514_009a9f-ae kb-section-dir-vertical inner-column-1\"><div class=\"kt-inside-inner-col\"><style>.wp-block-kadence-advancedheading.kt-adv-heading514_1ed211-91, .wp-block-kadence-advancedheading.kt-adv-heading514_1ed211-91[data-kb-block=\"kb-adv-heading514_1ed211-91\"]{display:block;margin-bottom:var(--global-kb-spacing-xs, 1rem);font-style:normal;text-transform:uppercase;}.wp-block-kadence-advancedheading.kt-adv-heading514_1ed211-91 mark.kt-highlight, .wp-block-kadence-advancedheading.kt-adv-heading514_1ed211-91[data-kb-block=\"kb-adv-heading514_1ed211-91\"] mark.kt-highlight{font-style:normal;color:#f76a0c;-webkit-box-decoration-break:clone;box-decoration-break:clone;padding-top:0px;padding-right:0px;padding-bottom:0px;padding-left:0px;}.wp-block-kadence-advancedheading.kt-adv-heading514_1ed211-91 img.kb-inline-image, .wp-block-kadence-advancedheading.kt-adv-heading514_1ed211-91[data-kb-block=\"kb-adv-heading514_1ed211-91\"] img.kb-inline-image{width:150px;vertical-align:baseline;}<\/style>\n<span class=\"kt-adv-heading514_1ed211-91 wp-block-kadence-advancedheading has-theme-palette-1-color has-text-color\" data-kb-block=\"kb-adv-heading514_1ed211-91\">Overline<\/span>\n\n\n<style>.wp-block-kadence-advancedheading.kt-adv-heading514_786c36-77, .wp-block-kadence-advancedheading.kt-adv-heading514_786c36-77[data-kb-block=\"kb-adv-heading514_786c36-77\"]{margin-top:0px;margin-bottom:var(--global-kb-spacing-lg, 3rem);font-size:var(--global-kb-font-size-xl, 3rem);line-height:1.2;font-style:normal;}.wp-block-kadence-advancedheading.kt-adv-heading514_786c36-77 mark.kt-highlight, .wp-block-kadence-advancedheading.kt-adv-heading514_786c36-77[data-kb-block=\"kb-adv-heading514_786c36-77\"] mark.kt-highlight{font-style:normal;color:#f76a0c;-webkit-box-decoration-break:clone;box-decoration-break:clone;padding-top:0px;padding-right:0px;padding-bottom:0px;padding-left:0px;}.wp-block-kadence-advancedheading.kt-adv-heading514_786c36-77 img.kb-inline-image, .wp-block-kadence-advancedheading.kt-adv-heading514_786c36-77[data-kb-block=\"kb-adv-heading514_786c36-77\"] img.kb-inline-image{width:150px;vertical-align:baseline;}@media all and (max-width: 1024px){.wp-block-kadence-advancedheading.kt-adv-heading514_786c36-77, .wp-block-kadence-advancedheading.kt-adv-heading514_786c36-77[data-kb-block=\"kb-adv-heading514_786c36-77\"]{text-align:center!important;}}<\/style>\n<h1 class=\"kt-adv-heading514_786c36-77 wp-block-kadence-advancedheading has-theme-palette-3-color has-text-color\" data-kb-block=\"kb-adv-heading514_786c36-77\">Briefly and concisely explain what you do for your audience.<\/h1>\n\n\n<style>.wp-block-kadence-advancedheading.kt-adv-heading514_0b632c-74, .wp-block-kadence-advancedheading.kt-adv-heading514_0b632c-74[data-kb-block=\"kb-adv-heading514_0b632c-74\"]{font-style:normal;}.wp-block-kadence-advancedheading.kt-adv-heading514_0b632c-74 mark.kt-highlight, .wp-block-kadence-advancedheading.kt-adv-heading514_0b632c-74[data-kb-block=\"kb-adv-heading514_0b632c-74\"] mark.kt-highlight{font-style:normal;color:#f76a0c;-webkit-box-decoration-break:clone;box-decoration-break:clone;padding-top:0px;padding-right:0px;padding-bottom:0px;padding-left:0px;}.wp-block-kadence-advancedheading.kt-adv-heading514_0b632c-74 img.kb-inline-image, .wp-block-kadence-advancedheading.kt-adv-heading514_0b632c-74[data-kb-block=\"kb-adv-heading514_0b632c-74\"] img.kb-inline-image{width:150px;vertical-align:baseline;}@media all and (max-width: 1024px){.wp-block-kadence-advancedheading.kt-adv-heading514_0b632c-74, .wp-block-kadence-advancedheading.kt-adv-heading514_0b632c-74[data-kb-block=\"kb-adv-heading514_0b632c-74\"]{text-align:center!important;}}<\/style>\n<p class=\"kt-adv-heading514_0b632c-74 wp-block-kadence-advancedheading has-theme-palette-4-color has-text-color\" data-kb-block=\"kb-adv-heading514_0b632c-74\">Consider using this if you need to provide more context on why you do what you do. Be engaging. Focus on delivering value to your visitors.<\/p>\n<\/div><\/div>\n\n\n<style>.kadence-column514_9b5e35-e9 > .kt-inside-inner-col,.kadence-column514_9b5e35-e9 > .kt-inside-inner-col:before{border-top-left-radius:0px;border-top-right-radius:0px;border-bottom-right-radius:0px;border-bottom-left-radius:0px;}.kadence-column514_9b5e35-e9 > .kt-inside-inner-col{column-gap:var(--global-kb-gap-sm, 1rem);}.kadence-column514_9b5e35-e9 > .kt-inside-inner-col{flex-direction:column;}.kadence-column514_9b5e35-e9 > .kt-inside-inner-col > .aligncenter{width:100%;}.kadence-column514_9b5e35-e9 > .kt-inside-inner-col:before{opacity:0.3;}.kadence-column514_9b5e35-e9{position:relative;}@media all and (max-width: 1024px){.kadence-column514_9b5e35-e9 > .kt-inside-inner-col{flex-direction:column;justify-content:center;}}@media all and (max-width: 767px){.kadence-column514_9b5e35-e9 > .kt-inside-inner-col{flex-direction:column;justify-content:center;}}<\/style>\n<div class=\"wp-block-kadence-column kadence-column514_9b5e35-e9 kvs-md-false kvs-sm-false inner-column-2\"><div class=\"kt-inside-inner-col\"><\/div><\/div>\n\n<\/div><\/div>","protected":false},"excerpt":{"rendered":"<p>Az Alpok minden tartom\u00e1ny\u00e1nak van s\u00edfut\u00f3\/biathlon k\u00f6zpontja ahol a sportol\u00f3k k\u00e9sz\u00fclnek k\u00e9s\u0151 \u0151szt\u0151l kora tavaszig a versenyeikre. Itt nagy es\u00e9llyel mesters\u00e9ges havat is gy\u00e1rtanak ami garant\u00e1lja, hogy eg\u00e9sz szezonban tal\u00e1lsz megh\u00fazott nyomot a s\u00edfut\u00e1shoz, \u00e9s ami enn\u00e9l fontosabb, \u00e1lland\u00f3 aj\u00e1nlatot oktat\u00e1si lehet\u0151s\u00e9gekr\u0151l. A tanul\u00e1s t\u00f6bbnyire egy\u00e9ni, vagy n\u00e9h\u00e1ny f\u0151s kurzust jelent. Ha egyed\u00fcl vagy, akkor&#8230;<\/p>\n","protected":false},"author":1,"featured_media":0,"parent":0,"menu_order":0,"comment_status":"closed","ping_status":"closed","template":"","meta":{"_kadence_starter_templates_imported_post":false,"_kad_post_transparent":"","_kad_post_title":"default","_kad_post_layout":"","_kad_post_sidebar_id":"","_kad_post_content_style":"","_kad_post_vertical_padding":"","_kad_post_feature":"","_kad_post_feature_position":"","_kad_post_header":false,"_kad_post_footer":false,"footnotes":""},"class_list":["post-514","page","type-page","status-publish","hentry"],"_links":{"self":[{"href":"https:\/\/sifutas.com\/index.php\/wp-json\/wp\/v2\/pages\/514","targetHints":{"allow":["GET"]}}],"collection":[{"href":"https:\/\/sifutas.com\/index.php\/wp-json\/wp\/v2\/pages"}],"about":[{"href":"https:\/\/sifutas.com\/index.php\/wp-json\/wp\/v2\/types\/page"}],"author":[{"embeddable":true,"href":"https:\/\/sifutas.com\/index.php\/wp-json\/wp\/v2\/users\/1"}],"replies":[{"embeddable":true,"href":"https:\/\/sifutas.com\/index.php\/wp-json\/wp\/v2\/comments?post=514"}],"version-history":[{"count":7,"href":"https:\/\/sifutas.com\/index.php\/wp-json\/wp\/v2\/pages\/514\/revisions"}],"predecessor-version":[{"id":527,"href":"https:\/\/sifutas.com\/index.php\/wp-json\/wp\/v2\/pages\/514\/revisions\/527"}],"wp:attachment":[{"href":"https:\/\/sifutas.com\/index.php\/wp-json\/wp\/v2\/media?parent=514"}],"curies":[{"name":"wp","href":"https:\/\/api.w.org\/{rel}","templated":true}]}}